{"id":797,"date":"2025-04-15T10:01:33","date_gmt":"2025-04-15T08:01:33","guid":{"rendered":"https:\/\/www.salumipernigotti.it\/charcuteries-pernigotti\/"},"modified":"2025-04-30T16:22:14","modified_gmt":"2025-04-30T14:22:14","slug":"charcuteries-pernigotti","status":"publish","type":"page","link":"https:\/\/www.salumipernigotti.it\/fr\/charcuteries-pernigotti\/","title":{"rendered":"Charcuteries Pernigotti"},"content":{"rendered":"\t\t<div data-elementor-type=\"wp-page\" data-elementor-id=\"797\" class=\"elementor elementor-797 elementor-368\" data-elementor-post-type=\"page\">\n\t\t\t\t<div class=\"elementor-element elementor-element-f3fde11 e-con-full e-flex e-con e-parent\" data-id=\"f3fde11\" data-element_type=\"container\" data-settings=\"{&quot;background_background&quot;:&quot;slideshow&quot;,&quot;jet_parallax_layout_list&quot;:[],&quot;background_slideshow_gallery&quot;:[{&quot;id&quot;:377,&quot;url&quot;:&quot;https:\\\/\\\/www.salumipernigotti.it\\\/wp-content\\\/uploads\\\/2025\\\/04\\\/pernigotti_carezzano_crop.webp&quot;},{&quot;id&quot;:250,&quot;url&quot;:&quot;https:\\\/\\\/www.salumipernigotti.it\\\/wp-content\\\/uploads\\\/2025\\\/04\\\/salumi_pernigotti_prosciutto_cotto_tartufo_00.webp&quot;},{&quot;id&quot;:233,&quot;url&quot;:&quot;https:\\\/\\\/www.salumipernigotti.it\\\/wp-content\\\/uploads\\\/2025\\\/04\\\/salumi_pernigotti_prosciutto_cotto_02-1.webp&quot;},{&quot;id&quot;:190,&quot;url&quot;:&quot;https:\\\/\\\/www.salumipernigotti.it\\\/wp-content\\\/uploads\\\/2025\\\/04\\\/salumi_pernigotti_tradizione.webp&quot;},{&quot;id&quot;:202,&quot;url&quot;:&quot;https:\\\/\\\/www.salumipernigotti.it\\\/wp-content\\\/uploads\\\/2025\\\/04\\\/salumi_pernigotti_cotto_tradizionale_02.webp&quot;}],&quot;background_slideshow_ken_burns&quot;:&quot;yes&quot;,&quot;background_slideshow_loop&quot;:&quot;yes&quot;,&quot;background_slideshow_slide_duration&quot;:5000,&quot;background_slideshow_slide_transition&quot;:&quot;fade&quot;,&quot;background_slideshow_transition_duration&quot;:500,&quot;background_slideshow_ken_burns_zoom_direction&quot;:&quot;in&quot;}\">\n\t\t\t\t<div class=\"elementor-element elementor-element-3e204bf elementor-widget elementor-widget-heading\" data-id=\"3e204bf\" data-element_type=\"widget\" data-widget_type=\"heading.default\">\n\t\t\t\t<div class=\"elementor-widget-container\">\n\t\t\t\t\t<h1 class=\"elementor-heading-title elementor-size-default\">CHARCUTERIES PERNIGOTTI<\/h1>\t\t\t\t<\/div>\n\t\t\t\t<\/div>\n\t\t\t\t<div class=\"elementor-element elementor-element-bf77f74 elementor-widget elementor-widget-heading\" data-id=\"bf77f74\" data-element_type=\"widget\" data-widget_type=\"heading.default\">\n\t\t\t\t<div class=\"elementor-widget-container\">\n\t\t\t\t\t<h2 class=\"elementor-heading-title elementor-size-default\">Une histoire de qualit\u00e9 et de passion transmise depuis quatre g\u00e9n\u00e9rations<\/h2>\t\t\t\t<\/div>\n\t\t\t\t<\/div>\n\t\t\t\t<div class=\"elementor-element elementor-element-6575db4 elementor-widget elementor-widget-spacer\" data-id=\"6575db4\" data-element_type=\"widget\" data-widget_type=\"spacer.default\">\n\t\t\t\t<div class=\"elementor-widget-container\">\n\t\t\t\t\t\t\t<div class=\"elementor-spacer\">\n\t\t\t<div class=\"elementor-spacer-inner\"><\/div>\n\t\t<\/div>\n\t\t\t\t\t\t<\/div>\n\t\t\t\t<\/div>\n\t\t\t\t<div class=\"elementor-element elementor-element-2ca92e6 elementor-widget elementor-widget-button\" data-id=\"2ca92e6\" data-element_type=\"widget\" data-widget_type=\"button.default\">\n\t\t\t\t<div class=\"elementor-widget-container\">\n\t\t\t\t\t\t\t\t\t<div class=\"elementor-button-wrapper\">\n\t\t\t\t\t<a class=\"elementor-button elementor-button-link elementor-size-sm\" href=\"#continua\">\n\t\t\t\t\t\t<span class=\"elementor-button-content-wrapper\">\n\t\t\t\t\t\t\t\t\t<span class=\"elementor-button-text\">CONTINUE<\/span>\n\t\t\t\t\t<\/span>\n\t\t\t\t\t<\/a>\n\t\t\t\t<\/div>\n\t\t\t\t\t\t\t\t<\/div>\n\t\t\t\t<\/div>\n\t\t\t\t<\/div>\n\t\t<div class=\"elementor-element elementor-element-b326c80 e-con-full e-flex e-con e-parent\" data-id=\"b326c80\" data-element_type=\"container\" id=\"continua\" data-settings=\"{&quot;jet_parallax_layout_list&quot;:[],&quot;background_background&quot;:&quot;classic&quot;}\">\n\t\t<div class=\"elementor-element elementor-element-e8dd4a8 e-con-full e-flex e-con e-child\" data-id=\"e8dd4a8\" data-element_type=\"container\" data-settings=\"{&quot;jet_parallax_layout_list&quot;:[]}\">\n\t\t\t\t<div class=\"elementor-element elementor-element-75bbea6 elementor-widget elementor-widget-heading\" data-id=\"75bbea6\" data-element_type=\"widget\" data-widget_type=\"heading.default\">\n\t\t\t\t<div class=\"elementor-widget-container\">\n\t\t\t\t\t<h2 class=\"elementor-heading-title elementor-size-default\">CHARCUTERIES PERNIGOTTI<\/h2>\t\t\t\t<\/div>\n\t\t\t\t<\/div>\n\t\t\t\t<div class=\"elementor-element elementor-element-f76f066 elementor-widget-divider--view-line elementor-widget elementor-widget-divider\" data-id=\"f76f066\" data-element_type=\"widget\" data-widget_type=\"divider.default\">\n\t\t\t\t<div class=\"elementor-widget-container\">\n\t\t\t\t\t\t\t<div class=\"elementor-divider\">\n\t\t\t<span class=\"elementor-divider-separator\">\n\t\t\t\t\t\t<\/span>\n\t\t<\/div>\n\t\t\t\t\t\t<\/div>\n\t\t\t\t<\/div>\n\t\t\t\t<div class=\"elementor-element elementor-element-e099335 elementor-widget elementor-widget-text-editor\" data-id=\"e099335\" data-element_type=\"widget\" data-widget_type=\"text-editor.default\">\n\t\t\t\t<div class=\"elementor-widget-container\">\n\t\t\t\t\t\t\t\t\t<p>Le Salumificio Pernigotti est une entreprise italienne historique, fond\u00e9e en 1900.<\/p><p>Une v\u00e9ritable entreprise familiale, o\u00f9 le savoir-faire se transmet de p\u00e8re en fils.<\/p><p>L\u2019arri\u00e8re-grand-p\u00e8re Francesco eut l\u2019intuition de lancer une activit\u00e9 de salaison dans la boucherie familiale, situ\u00e9e dans la commune pi\u00e9montaise de Carezzano.<\/p><p>Aujourd\u2019hui, la quatri\u00e8me g\u00e9n\u00e9ration est \u00e0 l\u2019\u0153uvre : Franco et Carlo Pernigotti, p\u00e8re et fils, produisent toujours \u00e0 Carezzano, dans leur atelier artisanal, des charcuteries selon la tradition, \u00e0 base de porcs lourds, avec une qualit\u00e9 rare et ancestrale.<\/p><p>L\u2019entreprise est organis\u00e9e pour une production artisanale \u00e0 petite \u00e9chelle : des temps longs et des proc\u00e9d\u00e9s enti\u00e8rement manuels permettent d\u2019atteindre la meilleure qualit\u00e9 possible, bien loin des productions industrielles.<\/p><p>Le secret du jambon cuit Pernigotti r\u00e9side dans la technique du salage en veine : les cuisses de porc sont inject\u00e9es manuellement \u00e0 2 atmosph\u00e8res d\u2019une solution d\u2019eau, de sel et d\u2019ar\u00f4mes naturels, permettant \u00e0 la saumure de se r\u00e9partir uniform\u00e9ment via les capillaires, sans d\u00e9t\u00e9riorer la texture musculaire.<\/p>\t\t\t\t\t\t\t\t<\/div>\n\t\t\t\t<\/div>\n\t\t\t\t<div class=\"elementor-element elementor-element-6ec7f85 elementor-widget elementor-widget-spacer\" data-id=\"6ec7f85\" data-element_type=\"widget\" data-widget_type=\"spacer.default\">\n\t\t\t\t<div class=\"elementor-widget-container\">\n\t\t\t\t\t\t\t<div class=\"elementor-spacer\">\n\t\t\t<div class=\"elementor-spacer-inner\"><\/div>\n\t\t<\/div>\n\t\t\t\t\t\t<\/div>\n\t\t\t\t<\/div>\n\t\t\t\t<\/div>\n\t\t<div class=\"elementor-element elementor-element-33bec9d e-con-full e-flex e-con e-child\" data-id=\"33bec9d\" data-element_type=\"container\" data-settings=\"{&quot;jet_parallax_layout_list&quot;:[]}\">\n\t\t\t\t<div class=\"elementor-element elementor-element-37466c0 elementor-widget elementor-widget-image\" data-id=\"37466c0\" data-element_type=\"widget\" data-widget_type=\"image.default\">\n\t\t\t\t<div class=\"elementor-widget-container\">\n\t\t\t\t\t\t\t\t\t\t\t\t\t\t\t<img fetchpriority=\"high\" decoding=\"async\" width=\"800\" height=\"500\" src=\"https:\/\/www.salumipernigotti.it\/wp-content\/uploads\/2025\/04\/salumi_pernigotti_cotto_tradizionale-1024x640.webp\" class=\"attachment-large size-large wp-image-571\" alt=\"\" srcset=\"https:\/\/www.salumipernigotti.it\/wp-content\/uploads\/2025\/04\/salumi_pernigotti_cotto_tradizionale-1024x640.webp 1024w, https:\/\/www.salumipernigotti.it\/wp-content\/uploads\/2025\/04\/salumi_pernigotti_cotto_tradizionale-300x188.webp 300w, https:\/\/www.salumipernigotti.it\/wp-content\/uploads\/2025\/04\/salumi_pernigotti_cotto_tradizionale-768x480.webp 768w, https:\/\/www.salumipernigotti.it\/wp-content\/uploads\/2025\/04\/salumi_pernigotti_cotto_tradizionale-1536x960.webp 1536w, https:\/\/www.salumipernigotti.it\/wp-content\/uploads\/2025\/04\/salumi_pernigotti_cotto_tradizionale.webp 1920w\" sizes=\"(max-width: 800px) 100vw, 800px\" \/>\t\t\t\t\t\t\t\t\t\t\t\t\t\t\t<\/div>\n\t\t\t\t<\/div>\n\t\t\t\t<div class=\"elementor-element elementor-element-23a9137 elementor-widget elementor-widget-image\" data-id=\"23a9137\" data-element_type=\"widget\" data-widget_type=\"image.default\">\n\t\t\t\t<div class=\"elementor-widget-container\">\n\t\t\t\t\t\t\t\t\t\t\t\t\t\t\t<img decoding=\"async\" width=\"533\" height=\"198\" src=\"https:\/\/www.salumipernigotti.it\/wp-content\/uploads\/2025\/04\/pernigotti_logo.svg\" class=\"attachment-large size-large wp-image-573\" alt=\"\" \/>\t\t\t\t\t\t\t\t\t\t\t\t\t\t\t<\/div>\n\t\t\t\t<\/div>\n\t\t\t\t<\/div>\n\t\t\t\t<\/div>\n\t\t<div class=\"elementor-element elementor-element-799e49c e-con-full e-flex e-con e-parent\" data-id=\"799e49c\" data-element_type=\"container\" data-settings=\"{&quot;jet_parallax_layout_list&quot;:[],&quot;background_background&quot;:&quot;classic&quot;}\">\n\t\t<div class=\"elementor-element elementor-element-9527c3d e-con-full e-flex e-con e-child\" data-id=\"9527c3d\" data-element_type=\"container\" data-settings=\"{&quot;jet_parallax_layout_list&quot;:[]}\">\n\t\t\t\t<\/div>\n\t\t<div class=\"elementor-element elementor-element-130ee39 e-con-full e-flex e-con e-child\" data-id=\"130ee39\" data-element_type=\"container\" data-settings=\"{&quot;jet_parallax_layout_list&quot;:[],&quot;background_background&quot;:&quot;classic&quot;}\">\n\t\t\t\t<div class=\"elementor-element elementor-element-7ac5c89 elementor-widget elementor-widget-heading\" data-id=\"7ac5c89\" data-element_type=\"widget\" data-widget_type=\"heading.default\">\n\t\t\t\t<div class=\"elementor-widget-container\">\n\t\t\t\t\t<h2 class=\"elementor-heading-title elementor-size-default\">Le salage en veine <\/h2>\t\t\t\t<\/div>\n\t\t\t\t<\/div>\n\t\t\t\t<div class=\"elementor-element elementor-element-6c26b6d elementor-widget-divider--view-line elementor-widget elementor-widget-divider\" data-id=\"6c26b6d\" data-element_type=\"widget\" data-widget_type=\"divider.default\">\n\t\t\t\t<div class=\"elementor-widget-container\">\n\t\t\t\t\t\t\t<div class=\"elementor-divider\">\n\t\t\t<span class=\"elementor-divider-separator\">\n\t\t\t\t\t\t<\/span>\n\t\t<\/div>\n\t\t\t\t\t\t<\/div>\n\t\t\t\t<\/div>\n\t\t\t\t<div class=\"elementor-element elementor-element-8426a72 elementor-widget elementor-widget-text-editor\" data-id=\"8426a72\" data-element_type=\"widget\" data-widget_type=\"text-editor.default\">\n\t\t\t\t<div class=\"elementor-widget-container\">\n\t\t\t\t\t\t\t\t\t<p>Une tradition transmise de p\u00e8re en fils<\/p>\t\t\t\t\t\t\t\t<\/div>\n\t\t\t\t<\/div>\n\t\t\t\t<div class=\"elementor-element elementor-element-aa6c546 elementor-widget elementor-widget-text-editor\" data-id=\"aa6c546\" data-element_type=\"widget\" data-widget_type=\"text-editor.default\">\n\t\t\t\t<div class=\"elementor-widget-container\">\n\t\t\t\t\t\t\t\t\t<p>Franco et Carlo Pernigotti perp\u00e9tuent une tradition transmise depuis des g\u00e9n\u00e9rations : chaque \u00e9tape de la pr\u00e9paration du jambon cuit est r\u00e9alis\u00e9e \u00e0 la main, avec soin et lenteur.<\/p><p>Le secret de la qualit\u00e9 du Gran Cotto Pernigotti r\u00e9side dans le salage en veine, une technique d\u00e9licate qui permet \u00e0 la saumure de se r\u00e9partir uniform\u00e9ment dans les tissus, tout en pr\u00e9servant la texture compacte de la viande.<\/p><p>Apr\u00e8s un repos en saumure, les cuisses sont d\u00e9soss\u00e9es \u00e0 la main, cuites lentement puis emball\u00e9es sous vide.<\/p><p>Le r\u00e9sultat est un jambon artisanal, \u00e9labor\u00e9 \u00e0 partir de cuisses de porc lourd italien, au go\u00fbt authentique et \u00e0 la texture inimitable.<\/p>\t\t\t\t\t\t\t\t<\/div>\n\t\t\t\t<\/div>\n\t\t\t\t<div class=\"elementor-element elementor-element-4975f5e elementor-align-left elementor-widget elementor-widget-button\" data-id=\"4975f5e\" data-element_type=\"widget\" data-widget_type=\"button.default\">\n\t\t\t\t<div class=\"elementor-widget-container\">\n\t\t\t\t\t\t\t\t\t<div class=\"elementor-button-wrapper\">\n\t\t\t\t\t<a class=\"elementor-button elementor-button-link elementor-size-sm\" href=\"\/fr\/la-production\/\">\n\t\t\t\t\t\t<span class=\"elementor-button-content-wrapper\">\n\t\t\t\t\t\t\t\t\t<span class=\"elementor-button-text\">EXPLOREZ NOTRE S\u00c9LECTION<\/span>\n\t\t\t\t\t<\/span>\n\t\t\t\t\t<\/a>\n\t\t\t\t<\/div>\n\t\t\t\t\t\t\t\t<\/div>\n\t\t\t\t<\/div>\n\t\t\t\t<\/div>\n\t\t\t\t<\/div>\n\t\t<div class=\"elementor-element elementor-element-17d3dbd e-con-full e-flex e-con e-parent\" data-id=\"17d3dbd\" data-element_type=\"container\" data-settings=\"{&quot;jet_parallax_layout_list&quot;:[],&quot;background_background&quot;:&quot;classic&quot;}\">\n\t\t<div class=\"elementor-element elementor-element-4e782f1 e-con-full e-flex e-con e-child\" data-id=\"4e782f1\" data-element_type=\"container\" data-settings=\"{&quot;jet_parallax_layout_list&quot;:[]}\">\n\t\t\t\t<div class=\"elementor-element elementor-element-2775a86 elementor-widget elementor-widget-heading\" data-id=\"2775a86\" data-element_type=\"widget\" data-widget_type=\"heading.default\">\n\t\t\t\t<div class=\"elementor-widget-container\">\n\t\t\t\t\t<h2 class=\"elementor-heading-title elementor-size-default\">CHARCUTERIES PERNIGOTTI<\/h2>\t\t\t\t<\/div>\n\t\t\t\t<\/div>\n\t\t\t\t<div class=\"elementor-element elementor-element-a7248c7 elementor-widget elementor-widget-text-editor\" data-id=\"a7248c7\" data-element_type=\"widget\" data-widget_type=\"text-editor.default\">\n\t\t\t\t<div class=\"elementor-widget-container\">\n\t\t\t\t\t\t\t\t\t<p>Qualit\u00e9, tradition et soin dans chaque produit<\/p>\t\t\t\t\t\t\t\t<\/div>\n\t\t\t\t<\/div>\n\t\t\t\t<div class=\"elementor-element elementor-element-aa77185 elementor-widget-divider--view-line elementor-widget elementor-widget-divider\" data-id=\"aa77185\" data-element_type=\"widget\" data-widget_type=\"divider.default\">\n\t\t\t\t<div class=\"elementor-widget-container\">\n\t\t\t\t\t\t\t<div class=\"elementor-divider\">\n\t\t\t<span class=\"elementor-divider-separator\">\n\t\t\t\t\t\t<\/span>\n\t\t<\/div>\n\t\t\t\t\t\t<\/div>\n\t\t\t\t<\/div>\n\t\t\t\t<div class=\"elementor-element elementor-element-78f6fe0 elementor-widget elementor-widget-jet-listing-grid\" data-id=\"78f6fe0\" data-element_type=\"widget\" data-settings=\"{&quot;columns&quot;:&quot;4&quot;,&quot;columns_laptop&quot;:&quot;3&quot;,&quot;columns_tablet&quot;:&quot;2&quot;,&quot;columns_mobile&quot;:&quot;1&quot;}\" data-widget_type=\"jet-listing-grid.default\">\n\t\t\t\t<div class=\"elementor-widget-container\">\n\t\t\t\t\t<div class=\"jet-listing-grid jet-listing-grid--lazy-load jet-listing jet-listing-grid-loading\" data-lazy-load=\"{&quot;offset&quot;:&quot;0px&quot;,&quot;post_id&quot;:797,&quot;queried_id&quot;:&quot;797|WP_Post&quot;}\"><div class=\"jet-listing-grid__loader\"><div class=\"jet-listing-grid__loader-spinner\"><\/div><\/div><\/div>\t\t\t\t<\/div>\n\t\t\t\t<\/div>\n\t\t\t\t<\/div>\n\t\t\t\t<\/div>\n\t\t\t\t<\/div>\n\t\t","protected":false},"excerpt":{"rendered":"<p>CHARCUTERIES PERNIGOTTI Une histoire de qualit\u00e9 et de passion transmise depuis quatre g\u00e9n\u00e9rations CONTINUE CHARCUTERIES PERNIGOTTI Le Salumificio Pernigotti est une entreprise italienne historique, fond\u00e9e en 1900. Une v\u00e9ritable entreprise familiale, o\u00f9 le savoir-faire se transmet de p\u00e8re en fils. L\u2019arri\u00e8re-grand-p\u00e8re Francesco eut l\u2019intuition de lancer une activit\u00e9 de salaison dans la boucherie familiale, situ\u00e9e [&hellip;]<\/p>\n","protected":false},"author":2,"featured_media":657,"parent":0,"menu_order":0,"comment_status":"closed","ping_status":"closed","template":"","meta":{"footnotes":""},"class_list":["post-797","page","type-page","status-publish","has-post-thumbnail","hentry"],"yoast_head":"<!-- This site is optimized with the Yoast SEO plugin v25.0 - https:\/\/yoast.com\/wordpress\/plugins\/seo\/ -->\n<title>Charcuteries Pernigotti | Qualit\u00e9 artisanale depuis 1900<\/title>\n<meta name=\"description\" content=\"Depuis 1900 \u00e0 Carezzano, quatre g\u00e9n\u00e9rations de charcutiers : charcuteries artisanales \u00e0 base de porcs lourds, travaill\u00e9es \u00e0 la main.\" \/>\n<meta name=\"robots\" content=\"index, follow, max-snippet:-1, max-image-preview:large, max-video-preview:-1\" \/>\n<link rel=\"canonical\" href=\"https:\/\/www.salumipernigotti.it\/fr\/charcuteries-pernigotti\/\" \/>\n<meta property=\"og:locale\" content=\"fr_FR\" \/>\n<meta property=\"og:type\" content=\"article\" \/>\n<meta property=\"og:title\" content=\"Charcuteries Pernigotti | Qualit\u00e9 artisanale depuis 1900\" \/>\n<meta property=\"og:description\" content=\"Depuis 1900 \u00e0 Carezzano, quatre g\u00e9n\u00e9rations de charcutiers : charcuteries artisanales \u00e0 base de porcs lourds, travaill\u00e9es \u00e0 la main.\" \/>\n<meta property=\"og:url\" content=\"https:\/\/www.salumipernigotti.it\/fr\/charcuteries-pernigotti\/\" \/>\n<meta property=\"og:site_name\" content=\"Salumi Pernigotti dal 1900\" \/>\n<meta property=\"article:modified_time\" content=\"2025-04-30T14:22:14+00:00\" \/>\n<meta property=\"og:image\" content=\"https:\/\/www.salumipernigotti.it\/wp-content\/uploads\/2025\/04\/pernigotti_carezzano_crop.webp\" \/>\n\t<meta property=\"og:image:width\" content=\"1920\" \/>\n\t<meta property=\"og:image:height\" content=\"1080\" \/>\n\t<meta property=\"og:image:type\" content=\"image\/webp\" \/>\n<meta name=\"twitter:card\" content=\"summary_large_image\" \/>\n<meta name=\"twitter:label1\" content=\"Dur\u00e9e de lecture estim\u00e9e\" \/>\n\t<meta name=\"twitter:data1\" content=\"4 minutes\" \/>\n<script type=\"application\/ld+json\" class=\"yoast-schema-graph\">{\"@context\":\"https:\/\/schema.org\",\"@graph\":[{\"@type\":\"WebPage\",\"@id\":\"https:\/\/www.salumipernigotti.it\/fr\/charcuteries-pernigotti\/\",\"url\":\"https:\/\/www.salumipernigotti.it\/fr\/charcuteries-pernigotti\/\",\"name\":\"Charcuteries Pernigotti | Qualit\u00e9 artisanale depuis 1900\",\"isPartOf\":{\"@id\":\"https:\/\/www.salumipernigotti.it\/#website\"},\"primaryImageOfPage\":{\"@id\":\"https:\/\/www.salumipernigotti.it\/fr\/charcuteries-pernigotti\/#primaryimage\"},\"image\":{\"@id\":\"https:\/\/www.salumipernigotti.it\/fr\/charcuteries-pernigotti\/#primaryimage\"},\"thumbnailUrl\":\"https:\/\/www.salumipernigotti.it\/wp-content\/uploads\/2025\/04\/pernigotti_carezzano_crop.webp\",\"datePublished\":\"2025-04-15T08:01:33+00:00\",\"dateModified\":\"2025-04-30T14:22:14+00:00\",\"description\":\"Depuis 1900 \u00e0 Carezzano, quatre g\u00e9n\u00e9rations de charcutiers : charcuteries artisanales \u00e0 base de porcs lourds, travaill\u00e9es \u00e0 la main.\",\"breadcrumb\":{\"@id\":\"https:\/\/www.salumipernigotti.it\/fr\/charcuteries-pernigotti\/#breadcrumb\"},\"inLanguage\":\"fr-FR\",\"potentialAction\":[{\"@type\":\"ReadAction\",\"target\":[\"https:\/\/www.salumipernigotti.it\/fr\/charcuteries-pernigotti\/\"]}]},{\"@type\":\"ImageObject\",\"inLanguage\":\"fr-FR\",\"@id\":\"https:\/\/www.salumipernigotti.it\/fr\/charcuteries-pernigotti\/#primaryimage\",\"url\":\"https:\/\/www.salumipernigotti.it\/wp-content\/uploads\/2025\/04\/pernigotti_carezzano_crop.webp\",\"contentUrl\":\"https:\/\/www.salumipernigotti.it\/wp-content\/uploads\/2025\/04\/pernigotti_carezzano_crop.webp\",\"width\":1920,\"height\":1080},{\"@type\":\"BreadcrumbList\",\"@id\":\"https:\/\/www.salumipernigotti.it\/fr\/charcuteries-pernigotti\/#breadcrumb\",\"itemListElement\":[{\"@type\":\"ListItem\",\"position\":1,\"name\":\"Home\",\"item\":\"https:\/\/www.salumipernigotti.it\/fr\/homepage\/\"},{\"@type\":\"ListItem\",\"position\":2,\"name\":\"Charcuteries Pernigotti\"}]},{\"@type\":\"WebSite\",\"@id\":\"https:\/\/www.salumipernigotti.it\/#website\",\"url\":\"https:\/\/www.salumipernigotti.it\/\",\"name\":\"Salumi Pernigotti dal 1900\",\"description\":\"\",\"potentialAction\":[{\"@type\":\"SearchAction\",\"target\":{\"@type\":\"EntryPoint\",\"urlTemplate\":\"https:\/\/www.salumipernigotti.it\/?s={search_term_string}\"},\"query-input\":{\"@type\":\"PropertyValueSpecification\",\"valueRequired\":true,\"valueName\":\"search_term_string\"}}],\"inLanguage\":\"fr-FR\"}]}<\/script>\n<!-- \/ Yoast SEO plugin. -->","yoast_head_json":{"title":"Charcuteries Pernigotti | Qualit\u00e9 artisanale depuis 1900","description":"Depuis 1900 \u00e0 Carezzano, quatre g\u00e9n\u00e9rations de charcutiers : charcuteries artisanales \u00e0 base de porcs lourds, travaill\u00e9es \u00e0 la main.","robots":{"index":"index","follow":"follow","max-snippet":"max-snippet:-1","max-image-preview":"max-image-preview:large","max-video-preview":"max-video-preview:-1"},"canonical":"https:\/\/www.salumipernigotti.it\/fr\/charcuteries-pernigotti\/","og_locale":"fr_FR","og_type":"article","og_title":"Charcuteries Pernigotti | Qualit\u00e9 artisanale depuis 1900","og_description":"Depuis 1900 \u00e0 Carezzano, quatre g\u00e9n\u00e9rations de charcutiers : charcuteries artisanales \u00e0 base de porcs lourds, travaill\u00e9es \u00e0 la main.","og_url":"https:\/\/www.salumipernigotti.it\/fr\/charcuteries-pernigotti\/","og_site_name":"Salumi Pernigotti dal 1900","article_modified_time":"2025-04-30T14:22:14+00:00","og_image":[{"width":1920,"height":1080,"url":"https:\/\/www.salumipernigotti.it\/wp-content\/uploads\/2025\/04\/pernigotti_carezzano_crop.webp","type":"image\/webp"}],"twitter_card":"summary_large_image","twitter_misc":{"Dur\u00e9e de lecture estim\u00e9e":"4 minutes"},"schema":{"@context":"https:\/\/schema.org","@graph":[{"@type":"WebPage","@id":"https:\/\/www.salumipernigotti.it\/fr\/charcuteries-pernigotti\/","url":"https:\/\/www.salumipernigotti.it\/fr\/charcuteries-pernigotti\/","name":"Charcuteries Pernigotti | Qualit\u00e9 artisanale depuis 1900","isPartOf":{"@id":"https:\/\/www.salumipernigotti.it\/#website"},"primaryImageOfPage":{"@id":"https:\/\/www.salumipernigotti.it\/fr\/charcuteries-pernigotti\/#primaryimage"},"image":{"@id":"https:\/\/www.salumipernigotti.it\/fr\/charcuteries-pernigotti\/#primaryimage"},"thumbnailUrl":"https:\/\/www.salumipernigotti.it\/wp-content\/uploads\/2025\/04\/pernigotti_carezzano_crop.webp","datePublished":"2025-04-15T08:01:33+00:00","dateModified":"2025-04-30T14:22:14+00:00","description":"Depuis 1900 \u00e0 Carezzano, quatre g\u00e9n\u00e9rations de charcutiers : charcuteries artisanales \u00e0 base de porcs lourds, travaill\u00e9es \u00e0 la main.","breadcrumb":{"@id":"https:\/\/www.salumipernigotti.it\/fr\/charcuteries-pernigotti\/#breadcrumb"},"inLanguage":"fr-FR","potentialAction":[{"@type":"ReadAction","target":["https:\/\/www.salumipernigotti.it\/fr\/charcuteries-pernigotti\/"]}]},{"@type":"ImageObject","inLanguage":"fr-FR","@id":"https:\/\/www.salumipernigotti.it\/fr\/charcuteries-pernigotti\/#primaryimage","url":"https:\/\/www.salumipernigotti.it\/wp-content\/uploads\/2025\/04\/pernigotti_carezzano_crop.webp","contentUrl":"https:\/\/www.salumipernigotti.it\/wp-content\/uploads\/2025\/04\/pernigotti_carezzano_crop.webp","width":1920,"height":1080},{"@type":"BreadcrumbList","@id":"https:\/\/www.salumipernigotti.it\/fr\/charcuteries-pernigotti\/#breadcrumb","itemListElement":[{"@type":"ListItem","position":1,"name":"Home","item":"https:\/\/www.salumipernigotti.it\/fr\/homepage\/"},{"@type":"ListItem","position":2,"name":"Charcuteries Pernigotti"}]},{"@type":"WebSite","@id":"https:\/\/www.salumipernigotti.it\/#website","url":"https:\/\/www.salumipernigotti.it\/","name":"Salumi Pernigotti dal 1900","description":"","potentialAction":[{"@type":"SearchAction","target":{"@type":"EntryPoint","urlTemplate":"https:\/\/www.salumipernigotti.it\/?s={search_term_string}"},"query-input":{"@type":"PropertyValueSpecification","valueRequired":true,"valueName":"search_term_string"}}],"inLanguage":"fr-FR"}]}},"_links":{"self":[{"href":"https:\/\/www.salumipernigotti.it\/fr\/wp-json\/wp\/v2\/pages\/797","targetHints":{"allow":["GET"]}}],"collection":[{"href":"https:\/\/www.salumipernigotti.it\/fr\/wp-json\/wp\/v2\/pages"}],"about":[{"href":"https:\/\/www.salumipernigotti.it\/fr\/wp-json\/wp\/v2\/types\/page"}],"author":[{"embeddable":true,"href":"https:\/\/www.salumipernigotti.it\/fr\/wp-json\/wp\/v2\/users\/2"}],"replies":[{"embeddable":true,"href":"https:\/\/www.salumipernigotti.it\/fr\/wp-json\/wp\/v2\/comments?post=797"}],"version-history":[{"count":4,"href":"https:\/\/www.salumipernigotti.it\/fr\/wp-json\/wp\/v2\/pages\/797\/revisions"}],"predecessor-version":[{"id":822,"href":"https:\/\/www.salumipernigotti.it\/fr\/wp-json\/wp\/v2\/pages\/797\/revisions\/822"}],"wp:featuredmedia":[{"embeddable":true,"href":"https:\/\/www.salumipernigotti.it\/fr\/wp-json\/wp\/v2\/media\/657"}],"wp:attachment":[{"href":"https:\/\/www.salumipernigotti.it\/fr\/wp-json\/wp\/v2\/media?parent=797"}],"curies":[{"name":"wp","href":"https:\/\/api.w.org\/{rel}","templated":true}]}}