{"id":809,"date":"2025-02-01T14:02:38","date_gmt":"2025-02-01T13:02:38","guid":{"rendered":"https:\/\/www.salumipernigotti.it\/homepage\/"},"modified":"2025-04-30T15:26:39","modified_gmt":"2025-04-30T13:26:39","slug":"homepage","status":"publish","type":"page","link":"https:\/\/www.salumipernigotti.it\/fr\/","title":{"rendered":"Homepage"},"content":{"rendered":"\t\t<div data-elementor-type=\"wp-page\" data-elementor-id=\"809\" class=\"elementor elementor-809 elementor-68\" data-elementor-post-type=\"page\">\n\t\t\t\t<div class=\"elementor-element elementor-element-f3fde11 e-con-full e-flex e-con e-parent\" data-id=\"f3fde11\" data-element_type=\"container\" data-settings=\"{&quot;background_background&quot;:&quot;slideshow&quot;,&quot;jet_parallax_layout_list&quot;:[],&quot;background_slideshow_gallery&quot;:[{&quot;id&quot;:190,&quot;url&quot;:&quot;https:\\\/\\\/www.salumipernigotti.it\\\/wp-content\\\/uploads\\\/2025\\\/04\\\/salumi_pernigotti_tradizione.webp&quot;},{&quot;id&quot;:198,&quot;url&quot;:&quot;https:\\\/\\\/www.salumipernigotti.it\\\/wp-content\\\/uploads\\\/2025\\\/04\\\/salumi_pernigotti_salame_00.webp&quot;},{&quot;id&quot;:200,&quot;url&quot;:&quot;https:\\\/\\\/www.salumipernigotti.it\\\/wp-content\\\/uploads\\\/2025\\\/04\\\/salumi_pernigotti_cotto_tradizionale.webp&quot;},{&quot;id&quot;:199,&quot;url&quot;:&quot;https:\\\/\\\/www.salumipernigotti.it\\\/wp-content\\\/uploads\\\/2025\\\/04\\\/salumi_pernigotti_salame_01.webp&quot;}],&quot;background_slideshow_ken_burns&quot;:&quot;yes&quot;,&quot;background_slideshow_loop&quot;:&quot;yes&quot;,&quot;background_slideshow_slide_duration&quot;:5000,&quot;background_slideshow_slide_transition&quot;:&quot;fade&quot;,&quot;background_slideshow_transition_duration&quot;:500,&quot;background_slideshow_ken_burns_zoom_direction&quot;:&quot;in&quot;}\">\n\t\t\t\t<div class=\"elementor-element elementor-element-3e204bf elementor-widget elementor-widget-heading\" data-id=\"3e204bf\" data-element_type=\"widget\" data-widget_type=\"heading.default\">\n\t\t\t\t<div class=\"elementor-widget-container\">\n\t\t\t\t\t<h1 class=\"elementor-heading-title elementor-size-default\">CHARCUTERIES PERNIGOTTI<\/h1>\t\t\t\t<\/div>\n\t\t\t\t<\/div>\n\t\t\t\t<div class=\"elementor-element elementor-element-bf77f74 elementor-widget elementor-widget-heading\" data-id=\"bf77f74\" data-element_type=\"widget\" data-widget_type=\"heading.default\">\n\t\t\t\t<div class=\"elementor-widget-container\">\n\t\t\t\t\t<h2 class=\"elementor-heading-title elementor-size-default\">Une histoire de qualit\u00e9 et de passion transmise depuis quatre g\u00e9n\u00e9rations<\/h2>\t\t\t\t<\/div>\n\t\t\t\t<\/div>\n\t\t\t\t<div class=\"elementor-element elementor-element-6575db4 elementor-widget elementor-widget-spacer\" data-id=\"6575db4\" data-element_type=\"widget\" data-widget_type=\"spacer.default\">\n\t\t\t\t<div class=\"elementor-widget-container\">\n\t\t\t\t\t\t\t<div class=\"elementor-spacer\">\n\t\t\t<div class=\"elementor-spacer-inner\"><\/div>\n\t\t<\/div>\n\t\t\t\t\t\t<\/div>\n\t\t\t\t<\/div>\n\t\t\t\t<div class=\"elementor-element elementor-element-2ca92e6 elementor-widget elementor-widget-button\" data-id=\"2ca92e6\" data-element_type=\"widget\" data-widget_type=\"button.default\">\n\t\t\t\t<div class=\"elementor-widget-container\">\n\t\t\t\t\t\t\t\t\t<div class=\"elementor-button-wrapper\">\n\t\t\t\t\t<a class=\"elementor-button elementor-button-link elementor-size-sm\" href=\"#continua\">\n\t\t\t\t\t\t<span class=\"elementor-button-content-wrapper\">\n\t\t\t\t\t\t\t\t\t<span class=\"elementor-button-text\">CONTINUE<\/span>\n\t\t\t\t\t<\/span>\n\t\t\t\t\t<\/a>\n\t\t\t\t<\/div>\n\t\t\t\t\t\t\t\t<\/div>\n\t\t\t\t<\/div>\n\t\t\t\t<\/div>\n\t\t<div class=\"elementor-element elementor-element-b326c80 e-con-full e-flex e-con e-parent\" data-id=\"b326c80\" data-element_type=\"container\" id=\"continua\" data-settings=\"{&quot;jet_parallax_layout_list&quot;:[],&quot;background_background&quot;:&quot;classic&quot;}\">\n\t\t<div class=\"elementor-element elementor-element-e8dd4a8 e-con-full e-flex e-con e-child\" data-id=\"e8dd4a8\" data-element_type=\"container\" data-settings=\"{&quot;jet_parallax_layout_list&quot;:[]}\">\n\t\t\t\t<div class=\"elementor-element elementor-element-75bbea6 elementor-widget elementor-widget-heading\" data-id=\"75bbea6\" data-element_type=\"widget\" data-widget_type=\"heading.default\">\n\t\t\t\t<div class=\"elementor-widget-container\">\n\t\t\t\t\t<h2 class=\"elementor-heading-title elementor-size-default\">CHARCUTERIES PERNIGOTTI<\/h2>\t\t\t\t<\/div>\n\t\t\t\t<\/div>\n\t\t\t\t<div class=\"elementor-element elementor-element-f76f066 elementor-widget-divider--view-line elementor-widget elementor-widget-divider\" data-id=\"f76f066\" data-element_type=\"widget\" data-widget_type=\"divider.default\">\n\t\t\t\t<div class=\"elementor-widget-container\">\n\t\t\t\t\t\t\t<div class=\"elementor-divider\">\n\t\t\t<span class=\"elementor-divider-separator\">\n\t\t\t\t\t\t<\/span>\n\t\t<\/div>\n\t\t\t\t\t\t<\/div>\n\t\t\t\t<\/div>\n\t\t\t\t<div class=\"elementor-element elementor-element-e099335 elementor-widget elementor-widget-text-editor\" data-id=\"e099335\" data-element_type=\"widget\" data-widget_type=\"text-editor.default\">\n\t\t\t\t<div class=\"elementor-widget-container\">\n\t\t\t\t\t\t\t\t\t<p>Le Salumificio Pernigotti est une entreprise italienne historique, fond\u00e9e en 1900. <br>Une v\u00e9ritable entreprise familiale, o\u00f9 le savoir-faire se transmet de p\u00e8re en fils.<\/p>\t\t\t\t\t\t\t\t<\/div>\n\t\t\t\t<\/div>\n\t\t\t\t<div class=\"elementor-element elementor-element-23a9137 elementor-widget elementor-widget-image\" data-id=\"23a9137\" data-element_type=\"widget\" data-widget_type=\"image.default\">\n\t\t\t\t<div class=\"elementor-widget-container\">\n\t\t\t\t\t\t\t\t\t\t\t\t\t\t\t<img fetchpriority=\"high\" decoding=\"async\" width=\"533\" height=\"198\" src=\"https:\/\/www.salumipernigotti.it\/wp-content\/uploads\/2025\/04\/pernigotti_logo.svg\" class=\"attachment-large size-large wp-image-573\" alt=\"\" \/>\t\t\t\t\t\t\t\t\t\t\t\t\t\t\t<\/div>\n\t\t\t\t<\/div>\n\t\t\t\t<div class=\"elementor-element elementor-element-6ec7f85 elementor-widget elementor-widget-spacer\" data-id=\"6ec7f85\" data-element_type=\"widget\" data-widget_type=\"spacer.default\">\n\t\t\t\t<div class=\"elementor-widget-container\">\n\t\t\t\t\t\t\t<div class=\"elementor-spacer\">\n\t\t\t<div class=\"elementor-spacer-inner\"><\/div>\n\t\t<\/div>\n\t\t\t\t\t\t<\/div>\n\t\t\t\t<\/div>\n\t\t\t\t<div class=\"elementor-element elementor-element-22923d5 elementor-align-center elementor-widget elementor-widget-button\" data-id=\"22923d5\" data-element_type=\"widget\" data-widget_type=\"button.default\">\n\t\t\t\t<div class=\"elementor-widget-container\">\n\t\t\t\t\t\t\t\t\t<div class=\"elementor-button-wrapper\">\n\t\t\t\t\t<a class=\"elementor-button elementor-button-link elementor-size-sm\" href=\"https:\/\/www.salumipernigotti.it\/fr\/charcuteries-pernigotti\/\">\n\t\t\t\t\t\t<span class=\"elementor-button-content-wrapper\">\n\t\t\t\t\t\t\t\t\t<span class=\"elementor-button-text\">D\u00c9COUVRIR L'ENTREPRISE<\/span>\n\t\t\t\t\t<\/span>\n\t\t\t\t\t<\/a>\n\t\t\t\t<\/div>\n\t\t\t\t\t\t\t\t<\/div>\n\t\t\t\t<\/div>\n\t\t\t\t<\/div>\n\t\t<div class=\"elementor-element elementor-element-33bec9d e-con-full e-flex e-con e-child\" data-id=\"33bec9d\" data-element_type=\"container\" data-settings=\"{&quot;jet_parallax_layout_list&quot;:[]}\">\n\t\t\t\t<div class=\"elementor-element elementor-element-37466c0 elementor-widget elementor-widget-image\" data-id=\"37466c0\" data-element_type=\"widget\" data-widget_type=\"image.default\">\n\t\t\t\t<div class=\"elementor-widget-container\">\n\t\t\t\t\t\t\t\t\t\t\t\t\t\t\t<img decoding=\"async\" width=\"800\" height=\"616\" src=\"https:\/\/www.salumipernigotti.it\/wp-content\/uploads\/2025\/04\/salumi_pernigotti_cotto_tradizionale_03-1024x789.webp\" class=\"attachment-large size-large wp-image-579\" alt=\"\" srcset=\"https:\/\/www.salumipernigotti.it\/wp-content\/uploads\/2025\/04\/salumi_pernigotti_cotto_tradizionale_03-1024x789.webp 1024w, https:\/\/www.salumipernigotti.it\/wp-content\/uploads\/2025\/04\/salumi_pernigotti_cotto_tradizionale_03-300x231.webp 300w, https:\/\/www.salumipernigotti.it\/wp-content\/uploads\/2025\/04\/salumi_pernigotti_cotto_tradizionale_03-768x592.webp 768w, https:\/\/www.salumipernigotti.it\/wp-content\/uploads\/2025\/04\/salumi_pernigotti_cotto_tradizionale_03.webp 1383w\" sizes=\"(max-width: 800px) 100vw, 800px\" \/>\t\t\t\t\t\t\t\t\t\t\t\t\t\t\t<\/div>\n\t\t\t\t<\/div>\n\t\t\t\t<\/div>\n\t\t\t\t<\/div>\n\t\t<div class=\"elementor-element elementor-element-799e49c e-con-full e-flex e-con e-parent\" data-id=\"799e49c\" data-element_type=\"container\" data-settings=\"{&quot;jet_parallax_layout_list&quot;:[],&quot;background_background&quot;:&quot;classic&quot;}\">\n\t\t<div class=\"elementor-element elementor-element-130ee39 e-con-full e-flex e-con e-child\" data-id=\"130ee39\" data-element_type=\"container\" data-settings=\"{&quot;jet_parallax_layout_list&quot;:[],&quot;background_background&quot;:&quot;classic&quot;}\">\n\t\t\t\t<div class=\"elementor-element elementor-element-7ac5c89 elementor-widget elementor-widget-heading\" data-id=\"7ac5c89\" data-element_type=\"widget\" data-widget_type=\"heading.default\">\n\t\t\t\t<div class=\"elementor-widget-container\">\n\t\t\t\t\t<h2 class=\"elementor-heading-title elementor-size-default\">Chaque produit,<br>une histoire de go\u00fbt<\/h2>\t\t\t\t<\/div>\n\t\t\t\t<\/div>\n\t\t\t\t<div class=\"elementor-element elementor-element-6c26b6d elementor-widget-divider--view-line elementor-widget elementor-widget-divider\" data-id=\"6c26b6d\" data-element_type=\"widget\" data-widget_type=\"divider.default\">\n\t\t\t\t<div class=\"elementor-widget-container\">\n\t\t\t\t\t\t\t<div class=\"elementor-divider\">\n\t\t\t<span class=\"elementor-divider-separator\">\n\t\t\t\t\t\t<\/span>\n\t\t<\/div>\n\t\t\t\t\t\t<\/div>\n\t\t\t\t<\/div>\n\t\t\t\t<div class=\"elementor-element elementor-element-8426a72 elementor-widget elementor-widget-text-editor\" data-id=\"8426a72\" data-element_type=\"widget\" data-widget_type=\"text-editor.default\">\n\t\t\t\t<div class=\"elementor-widget-container\">\n\t\t\t\t\t\t\t\t\t<p>Ingr\u00e9dients s\u00e9lectionn\u00e9s, travail lent, saveur inimitable : entrez au c\u0153ur de la production artisanale.<\/p>\t\t\t\t\t\t\t\t<\/div>\n\t\t\t\t<\/div>\n\t\t\t\t<div class=\"elementor-element elementor-element-aa6c546 elementor-widget elementor-widget-text-editor\" data-id=\"aa6c546\" data-element_type=\"widget\" data-widget_type=\"text-editor.default\">\n\t\t\t\t<div class=\"elementor-widget-container\">\n\t\t\t\t\t\t\t\t\t<p>Du jambon cuit pr\u00e9par\u00e9 selon la technique du salage en veine, aux salamis affin\u00e9s lentement dans des pi\u00e8ces fra\u00eeches, chaque charcuterie Pernigotti raconte un savoir transmis de g\u00e9n\u00e9ration en g\u00e9n\u00e9ration.<\/p><p>La s\u00e9lection de viandes de qualit\u00e9, le travail enti\u00e8rement manuel et le respect des temps naturels garantissent une exp\u00e9rience authentique, o\u00f9 chaque tranche parle de territoire, de famille et de qualit\u00e9.<\/p>\t\t\t\t\t\t\t\t<\/div>\n\t\t\t\t<\/div>\n\t\t\t\t<div class=\"elementor-element elementor-element-4975f5e elementor-align-left elementor-widget elementor-widget-button\" data-id=\"4975f5e\" data-element_type=\"widget\" data-widget_type=\"button.default\">\n\t\t\t\t<div class=\"elementor-widget-container\">\n\t\t\t\t\t\t\t\t\t<div class=\"elementor-button-wrapper\">\n\t\t\t\t\t<a class=\"elementor-button elementor-button-link elementor-size-sm\" href=\"\/produzione\/\">\n\t\t\t\t\t\t<span class=\"elementor-button-content-wrapper\">\n\t\t\t\t\t\t\t\t\t<span class=\"elementor-button-text\">EXPLOREZ NOTRE S\u00c9LECTION<\/span>\n\t\t\t\t\t<\/span>\n\t\t\t\t\t<\/a>\n\t\t\t\t<\/div>\n\t\t\t\t\t\t\t\t<\/div>\n\t\t\t\t<\/div>\n\t\t\t\t<\/div>\n\t\t<div class=\"elementor-element elementor-element-9527c3d e-con-full e-flex e-con e-child\" data-id=\"9527c3d\" data-element_type=\"container\" data-settings=\"{&quot;jet_parallax_layout_list&quot;:[]}\">\n\t\t\t\t<\/div>\n\t\t\t\t<\/div>\n\t\t<div class=\"elementor-element elementor-element-01f1ac1 e-con-full e-flex e-con e-parent\" data-id=\"01f1ac1\" data-element_type=\"container\" data-settings=\"{&quot;jet_parallax_layout_list&quot;:[],&quot;background_background&quot;:&quot;classic&quot;}\">\n\t\t<div class=\"elementor-element elementor-element-d06e773 e-con-full e-flex e-con e-child\" data-id=\"d06e773\" data-element_type=\"container\" data-settings=\"{&quot;jet_parallax_layout_list&quot;:[]}\">\n\t\t\t\t<div class=\"elementor-element elementor-element-c948f30 elementor-widget elementor-widget-heading\" data-id=\"c948f30\" data-element_type=\"widget\" data-widget_type=\"heading.default\">\n\t\t\t\t<div class=\"elementor-widget-container\">\n\t\t\t\t\t<h2 class=\"elementor-heading-title elementor-size-default\">CHARCUTERIES PERNIGOTTI<\/h2>\t\t\t\t<\/div>\n\t\t\t\t<\/div>\n\t\t\t\t<div class=\"elementor-element elementor-element-154dba2 elementor-widget elementor-widget-text-editor\" data-id=\"154dba2\" data-element_type=\"widget\" data-widget_type=\"text-editor.default\">\n\t\t\t\t<div class=\"elementor-widget-container\">\n\t\t\t\t\t\t\t\t\t<p>Qualit\u00e9, tradition et soin dans chaque produit<\/p>\t\t\t\t\t\t\t\t<\/div>\n\t\t\t\t<\/div>\n\t\t\t\t<div class=\"elementor-element elementor-element-b75ad57 elementor-widget-divider--view-line elementor-widget elementor-widget-divider\" data-id=\"b75ad57\" data-element_type=\"widget\" data-widget_type=\"divider.default\">\n\t\t\t\t<div class=\"elementor-widget-container\">\n\t\t\t\t\t\t\t<div class=\"elementor-divider\">\n\t\t\t<span class=\"elementor-divider-separator\">\n\t\t\t\t\t\t<\/span>\n\t\t<\/div>\n\t\t\t\t\t\t<\/div>\n\t\t\t\t<\/div>\n\t\t\t\t<div class=\"elementor-element elementor-element-7c01bb1 elementor-widget elementor-widget-jet-listing-grid\" data-id=\"7c01bb1\" data-element_type=\"widget\" data-settings=\"{&quot;columns&quot;:&quot;4&quot;,&quot;columns_laptop&quot;:&quot;3&quot;,&quot;columns_tablet&quot;:&quot;2&quot;,&quot;columns_mobile&quot;:&quot;1&quot;}\" data-widget_type=\"jet-listing-grid.default\">\n\t\t\t\t<div class=\"elementor-widget-container\">\n\t\t\t\t\t<div class=\"jet-listing-grid jet-listing-grid--lazy-load jet-listing jet-listing-grid-loading\" data-lazy-load=\"{&quot;offset&quot;:&quot;0px&quot;,&quot;post_id&quot;:809,&quot;queried_id&quot;:&quot;809|WP_Post&quot;}\"><div class=\"jet-listing-grid__loader\"><div class=\"jet-listing-grid__loader-spinner\"><\/div><\/div><\/div>\t\t\t\t<\/div>\n\t\t\t\t<\/div>\n\t\t\t\t<\/div>\n\t\t\t\t<\/div>\n\t\t\t\t<\/div>\n\t\t","protected":false},"excerpt":{"rendered":"<p>CHARCUTERIES PERNIGOTTI Une histoire de qualit\u00e9 et de passion transmise depuis quatre g\u00e9n\u00e9rations CONTINUE CHARCUTERIES PERNIGOTTI Le Salumificio Pernigotti est une entreprise italienne historique, fond\u00e9e en 1900. Une v\u00e9ritable entreprise familiale, o\u00f9 le savoir-faire se transmet de p\u00e8re en fils. D\u00c9COUVRIR L&rsquo;ENTREPRISE Chaque produit,une histoire de go\u00fbt Ingr\u00e9dients s\u00e9lectionn\u00e9s, travail lent, saveur inimitable : entrez [&hellip;]<\/p>\n","protected":false},"author":2,"featured_media":565,"parent":0,"menu_order":0,"comment_status":"closed","ping_status":"closed","template":"","meta":{"footnotes":""},"class_list":["post-809","page","type-page","status-publish","has-post-thumbnail","hentry"],"yoast_head":"<!-- This site is optimized with the Yoast SEO plugin v25.0 - https:\/\/yoast.com\/wordpress\/plugins\/seo\/ -->\n<title>Charcuteries Pernigotti | Qualit\u00e9 artisanale depuis 1900<\/title>\n<meta name=\"description\" content=\"Depuis 1900 \u00e0 Carezzano, des charcuteries artisanales faites \u00e0 la main. D\u00e9couvrez l\u2019histoire et les produits du Salumificio Pernigotti, entre tradition et qualit\u00e9.\" \/>\n<meta name=\"robots\" content=\"index, follow, max-snippet:-1, max-image-preview:large, max-video-preview:-1\" \/>\n<link rel=\"canonical\" href=\"https:\/\/www.salumipernigotti.it\/fr\/homepage\/\" \/>\n<meta property=\"og:locale\" content=\"fr_FR\" \/>\n<meta property=\"og:type\" content=\"article\" \/>\n<meta property=\"og:title\" content=\"Charcuteries Pernigotti | Qualit\u00e9 artisanale depuis 1900\" \/>\n<meta property=\"og:description\" content=\"Depuis 1900 \u00e0 Carezzano, des charcuteries artisanales faites \u00e0 la main. D\u00e9couvrez l\u2019histoire et les produits du Salumificio Pernigotti, entre tradition et qualit\u00e9.\" \/>\n<meta property=\"og:url\" content=\"https:\/\/www.salumipernigotti.it\/fr\/homepage\/\" \/>\n<meta property=\"og:site_name\" content=\"Salumi Pernigotti dal 1900\" \/>\n<meta property=\"article:modified_time\" content=\"2025-04-30T13:26:39+00:00\" \/>\n<meta property=\"og:image\" content=\"https:\/\/www.salumipernigotti.it\/wp-content\/uploads\/2025\/04\/salumi_pernigotti_tradizione.webp\" \/>\n\t<meta property=\"og:image:width\" content=\"1920\" \/>\n\t<meta property=\"og:image:height\" content=\"1080\" \/>\n\t<meta property=\"og:image:type\" content=\"image\/webp\" \/>\n<meta name=\"twitter:card\" content=\"summary_large_image\" \/>\n<meta name=\"twitter:label1\" content=\"Dur\u00e9e de lecture estim\u00e9e\" \/>\n\t<meta name=\"twitter:data1\" content=\"1 minute\" \/>\n<script type=\"application\/ld+json\" class=\"yoast-schema-graph\">{\"@context\":\"https:\/\/schema.org\",\"@graph\":[{\"@type\":\"WebPage\",\"@id\":\"https:\/\/www.salumipernigotti.it\/fr\/homepage\/\",\"url\":\"https:\/\/www.salumipernigotti.it\/fr\/homepage\/\",\"name\":\"Charcuteries Pernigotti | Qualit\u00e9 artisanale depuis 1900\",\"isPartOf\":{\"@id\":\"https:\/\/www.salumipernigotti.it\/#website\"},\"primaryImageOfPage\":{\"@id\":\"https:\/\/www.salumipernigotti.it\/fr\/homepage\/#primaryimage\"},\"image\":{\"@id\":\"https:\/\/www.salumipernigotti.it\/fr\/homepage\/#primaryimage\"},\"thumbnailUrl\":\"https:\/\/www.salumipernigotti.it\/wp-content\/uploads\/2025\/04\/salumi_pernigotti_tradizione.webp\",\"datePublished\":\"2025-02-01T13:02:38+00:00\",\"dateModified\":\"2025-04-30T13:26:39+00:00\",\"description\":\"Depuis 1900 \u00e0 Carezzano, des charcuteries artisanales faites \u00e0 la main. D\u00e9couvrez l\u2019histoire et les produits du Salumificio Pernigotti, entre tradition et qualit\u00e9.\",\"breadcrumb\":{\"@id\":\"https:\/\/www.salumipernigotti.it\/fr\/homepage\/#breadcrumb\"},\"inLanguage\":\"fr-FR\",\"potentialAction\":[{\"@type\":\"ReadAction\",\"target\":[\"https:\/\/www.salumipernigotti.it\/fr\/homepage\/\"]}]},{\"@type\":\"ImageObject\",\"inLanguage\":\"fr-FR\",\"@id\":\"https:\/\/www.salumipernigotti.it\/fr\/homepage\/#primaryimage\",\"url\":\"https:\/\/www.salumipernigotti.it\/wp-content\/uploads\/2025\/04\/salumi_pernigotti_tradizione.webp\",\"contentUrl\":\"https:\/\/www.salumipernigotti.it\/wp-content\/uploads\/2025\/04\/salumi_pernigotti_tradizione.webp\",\"width\":1920,\"height\":1080},{\"@type\":\"BreadcrumbList\",\"@id\":\"https:\/\/www.salumipernigotti.it\/fr\/homepage\/#breadcrumb\",\"itemListElement\":[{\"@type\":\"ListItem\",\"position\":1,\"name\":\"Home\",\"item\":\"https:\/\/www.salumipernigotti.it\/fr\/homepage\/\"},{\"@type\":\"ListItem\",\"position\":2,\"name\":\"Homepage\"}]},{\"@type\":\"WebSite\",\"@id\":\"https:\/\/www.salumipernigotti.it\/#website\",\"url\":\"https:\/\/www.salumipernigotti.it\/\",\"name\":\"Salumi Pernigotti dal 1900\",\"description\":\"\",\"potentialAction\":[{\"@type\":\"SearchAction\",\"target\":{\"@type\":\"EntryPoint\",\"urlTemplate\":\"https:\/\/www.salumipernigotti.it\/?s={search_term_string}\"},\"query-input\":{\"@type\":\"PropertyValueSpecification\",\"valueRequired\":true,\"valueName\":\"search_term_string\"}}],\"inLanguage\":\"fr-FR\"}]}<\/script>\n<!-- \/ Yoast SEO plugin. -->","yoast_head_json":{"title":"Charcuteries Pernigotti | Qualit\u00e9 artisanale depuis 1900","description":"Depuis 1900 \u00e0 Carezzano, des charcuteries artisanales faites \u00e0 la main. D\u00e9couvrez l\u2019histoire et les produits du Salumificio Pernigotti, entre tradition et qualit\u00e9.","robots":{"index":"index","follow":"follow","max-snippet":"max-snippet:-1","max-image-preview":"max-image-preview:large","max-video-preview":"max-video-preview:-1"},"canonical":"https:\/\/www.salumipernigotti.it\/fr\/homepage\/","og_locale":"fr_FR","og_type":"article","og_title":"Charcuteries Pernigotti | Qualit\u00e9 artisanale depuis 1900","og_description":"Depuis 1900 \u00e0 Carezzano, des charcuteries artisanales faites \u00e0 la main. D\u00e9couvrez l\u2019histoire et les produits du Salumificio Pernigotti, entre tradition et qualit\u00e9.","og_url":"https:\/\/www.salumipernigotti.it\/fr\/homepage\/","og_site_name":"Salumi Pernigotti dal 1900","article_modified_time":"2025-04-30T13:26:39+00:00","og_image":[{"width":1920,"height":1080,"url":"https:\/\/www.salumipernigotti.it\/wp-content\/uploads\/2025\/04\/salumi_pernigotti_tradizione.webp","type":"image\/webp"}],"twitter_card":"summary_large_image","twitter_misc":{"Dur\u00e9e de lecture estim\u00e9e":"1 minute"},"schema":{"@context":"https:\/\/schema.org","@graph":[{"@type":"WebPage","@id":"https:\/\/www.salumipernigotti.it\/fr\/homepage\/","url":"https:\/\/www.salumipernigotti.it\/fr\/homepage\/","name":"Charcuteries Pernigotti | Qualit\u00e9 artisanale depuis 1900","isPartOf":{"@id":"https:\/\/www.salumipernigotti.it\/#website"},"primaryImageOfPage":{"@id":"https:\/\/www.salumipernigotti.it\/fr\/homepage\/#primaryimage"},"image":{"@id":"https:\/\/www.salumipernigotti.it\/fr\/homepage\/#primaryimage"},"thumbnailUrl":"https:\/\/www.salumipernigotti.it\/wp-content\/uploads\/2025\/04\/salumi_pernigotti_tradizione.webp","datePublished":"2025-02-01T13:02:38+00:00","dateModified":"2025-04-30T13:26:39+00:00","description":"Depuis 1900 \u00e0 Carezzano, des charcuteries artisanales faites \u00e0 la main. D\u00e9couvrez l\u2019histoire et les produits du Salumificio Pernigotti, entre tradition et qualit\u00e9.","breadcrumb":{"@id":"https:\/\/www.salumipernigotti.it\/fr\/homepage\/#breadcrumb"},"inLanguage":"fr-FR","potentialAction":[{"@type":"ReadAction","target":["https:\/\/www.salumipernigotti.it\/fr\/homepage\/"]}]},{"@type":"ImageObject","inLanguage":"fr-FR","@id":"https:\/\/www.salumipernigotti.it\/fr\/homepage\/#primaryimage","url":"https:\/\/www.salumipernigotti.it\/wp-content\/uploads\/2025\/04\/salumi_pernigotti_tradizione.webp","contentUrl":"https:\/\/www.salumipernigotti.it\/wp-content\/uploads\/2025\/04\/salumi_pernigotti_tradizione.webp","width":1920,"height":1080},{"@type":"BreadcrumbList","@id":"https:\/\/www.salumipernigotti.it\/fr\/homepage\/#breadcrumb","itemListElement":[{"@type":"ListItem","position":1,"name":"Home","item":"https:\/\/www.salumipernigotti.it\/fr\/homepage\/"},{"@type":"ListItem","position":2,"name":"Homepage"}]},{"@type":"WebSite","@id":"https:\/\/www.salumipernigotti.it\/#website","url":"https:\/\/www.salumipernigotti.it\/","name":"Salumi Pernigotti dal 1900","description":"","potentialAction":[{"@type":"SearchAction","target":{"@type":"EntryPoint","urlTemplate":"https:\/\/www.salumipernigotti.it\/?s={search_term_string}"},"query-input":{"@type":"PropertyValueSpecification","valueRequired":true,"valueName":"search_term_string"}}],"inLanguage":"fr-FR"}]}},"_links":{"self":[{"href":"https:\/\/www.salumipernigotti.it\/fr\/wp-json\/wp\/v2\/pages\/809","targetHints":{"allow":["GET"]}}],"collection":[{"href":"https:\/\/www.salumipernigotti.it\/fr\/wp-json\/wp\/v2\/pages"}],"about":[{"href":"https:\/\/www.salumipernigotti.it\/fr\/wp-json\/wp\/v2\/types\/page"}],"author":[{"embeddable":true,"href":"https:\/\/www.salumipernigotti.it\/fr\/wp-json\/wp\/v2\/users\/2"}],"replies":[{"embeddable":true,"href":"https:\/\/www.salumipernigotti.it\/fr\/wp-json\/wp\/v2\/comments?post=809"}],"version-history":[{"count":1,"href":"https:\/\/www.salumipernigotti.it\/fr\/wp-json\/wp\/v2\/pages\/809\/revisions"}],"predecessor-version":[{"id":810,"href":"https:\/\/www.salumipernigotti.it\/fr\/wp-json\/wp\/v2\/pages\/809\/revisions\/810"}],"wp:featuredmedia":[{"embeddable":true,"href":"https:\/\/www.salumipernigotti.it\/fr\/wp-json\/wp\/v2\/media\/565"}],"wp:attachment":[{"href":"https:\/\/www.salumipernigotti.it\/fr\/wp-json\/wp\/v2\/media?parent=809"}],"curies":[{"name":"wp","href":"https:\/\/api.w.org\/{rel}","templated":true}]}}